{"id":44,"date":"2012-10-14T03:52:58","date_gmt":"2012-10-14T01:52:58","guid":{"rendered":"http:\/\/iskala.com\/wp\/?page_id=44"},"modified":"2024-07-29T10:26:21","modified_gmt":"2024-07-29T08:26:21","slug":"tylista","status":"publish","type":"page","link":"https:\/\/iskala.com\/?page_id=44","title":{"rendered":"Valikoituja t\u00f6it\u00e4"},"content":{"rendered":"<p><div class=\"one_third\">RAKENNUSSUUNNITTELU<\/p>\n<p>2014-15<br \/>\n<a title=\"Huoneistohotelli 2, Lappeenranta\" href=\"http:\/\/iskala.com\/?portfolio=hc-saimaa-pearl-1\">Huoneistohotelli 31 huoneistoa, Lappeenranta, Rauha <\/a><\/p>\n<p>2013-14<br \/>\n<a title=\"Huoneistohotelli 2, Vuokatti\" href=\"http:\/\/iskala.com\/?portfolio=huoneistohotelli-2-vuokatti\">Huoneistohotelli 45 huoneistoa, 4150 br-m2, Vuokatti<\/a><\/p>\n<p>2014 &#8211;<br \/>\nErillistalo, Mankkaa, Espoo<\/p>\n<p>2014<br \/>\nKes\u00e4m\u00f6kki ja sauna, Bromarv, Raasepori<\/p>\n<p>2012-13<br \/>\n<a title=\"Huoneistohotelli 2, Lappeenranta\" href=\"http:\/\/iskala.com\/?portfolio=huoneistohotelli-2-lappeenranta\">Huoneistohotelli 35 huoneistoa, 2905 br-m2, Lappeenranta, Rauha <\/a><\/p>\n<p>2011 &#8211;<br \/>\nErillistalo, Laaksolahti, Espoo<\/p>\n<p>2012<br \/>\n<a title=\"Huoneistohotelli, Vuokatti\" href=\"http:\/\/iskala.com\/wp\/?portfolio=huoneistohotelli-vuokatti\" target=\"_blank\" rel=\"noopener noreferrer\">Huoneistohotelli 91 huoneistoa, 6982 br-m2 Vuokatti<\/a><\/p>\n<p>2009 &#8211; 2010<br \/>\nViisi kahden perheen erillistaloa, 1100 br-m2 Kuusamo<\/p>\n<p>2010 &#8211; 2011<br \/>\nKaksi erillistaloa, Kauniainen<\/p>\n<p>2010 &#8211; 2011<br \/>\n<a title=\"Huoneistohotelli, Lappeenranta\" href=\"http:\/\/iskala.com\/wp\/?portfolio=huoneistohotelli-lappeenranta\" target=\"_blank\" rel=\"noopener noreferrer\">Huoneistohotelli 65 huoneistoa, 5255 br-m2 Lappeenranta, Rauha<\/a><\/p>\n<p>2008 &#8211;<br \/>\nKytkettyj\u00e4 pientaloja, 30 huoneistoa, Vuokatti<\/p>\n<p>2007 &#8211; 2008<br \/>\nViisi kahden perheen erillistaloa, lomahuoneistoja, Kuusamo<\/p>\n<p>2005 &#8211; 2007<br \/>\nKolme pienkerrostaloa, 42 huoneistoa, Vuokatti<\/p>\n<p>2003 &#8211; 2006<br \/>\nParitaloja ja pienkerrostaloja, \u00c5re, Ruotsi,<\/p>\n<p>2002 &#8211; 2005<br \/>\n<a title=\"Uimahalli, Vuokatti\" href=\"http:\/\/iskala.com\/wp\/?portfolio=uimahalli-vuokatti\" target=\"_blank\" rel=\"noopener noreferrer\">Uimahalli, 25m allas, Vuokatti<\/a><\/p>\n<p>2002 &#8211; 2005<br \/>\n<a title=\"Monitoimihalli, Kuusamo\" href=\"http:\/\/iskala.com\/wp\/?portfolio=monitoimihalli-kuusamo\" target=\"_blank\" rel=\"noopener noreferrer\">Urheilu- ja monitoimihalli, Kuusamo<\/a><\/p>\n<p>2001 &#8211; 2002<br \/>\n<a title=\"Hotellin laajennus, Oulu\" href=\"http:\/\/iskala.com\/wp\/?portfolio=hotellin-laajennus-oulu\" target=\"_blank\" rel=\"noopener noreferrer\">Hotellin laajennus ja neuvottelutiloja, Oulu, Hietasaari<\/a><\/p>\n<p>2001 &#8211; 2002<br \/>\n<a title=\"Kiinteist\u00f6 Oy Lapinniemen Loisto, Tampere\" href=\"http:\/\/iskala.com\/wp\/?portfolio=kiinteisto-oy-lapinniemen-loisto-tampere\" target=\"_blank\" rel=\"noopener noreferrer\">Hotelli- ja asuinrakennus, Tampere, Lapinnniemi<\/a><\/p>\n<p>2000 &#8211; 2002<br \/>\n<a title=\"Asuintalo, Sipoo\" href=\"http:\/\/iskala.com\/wp\/?portfolio=asuintalo-sipoo\" target=\"_blank\" rel=\"noopener noreferrer\">Erillistalo ja rantasauna, Sipoo, Karhusaari<\/a><\/p>\n<p>1999 &#8211; 2000<br \/>\nHotellin laajennus, 3000 br-m2, Kuusamo<\/p>\n<p>1999 &#8211; 2001<br \/>\n26 paritaloa, Vuokatti<\/p>\n<p>1998 &#8211; 1999<br \/>\n<a title=\"Hotellirakennus, Vuokatti\" href=\"http:\/\/iskala.com\/wp\/?portfolio=hotellirakennus-vuokatti\" target=\"_blank\" rel=\"noopener noreferrer\">Hotelli ja neuvottelutiloja, 6500 br-m2, Vuokatti<\/a><\/p>\n<p>1997 &#8211; 2001<br \/>\nKokouskeskus, kokous- ja edustustiloja, Kirkkonummi<\/p>\n<p>1997 &#8211; 1998<br \/>\nVarastorakennus, 8200 br-m2, Espoo<\/div><div class=\"one_third\">KORJAUSRAKENTAMINEN<\/p>\n<p>2015<br \/>\nMedifon Oy:n toimitilat, Espoo, Toimisto ja korkea varasto<\/p>\n<p>2014<br \/>\nLiiketiloja ja aulan uudistaminen, Kutojantie, Espoo<\/p>\n<p>2014<br \/>\nAmpumarata, Wiiman kiinteist\u00f6t, Vantaa<\/p>\n<p>2014 &#8211;<br \/>\nErillistalon julkisivuremontti, Kuusisaari, Helsinki<\/p>\n<p>2010 &#8211; 2012<br \/>\n1920-luvun pankkirakennuksen muutos huoneistoiksi ja liiketiloiksi, Raasepori, Tammisaari<\/p>\n<p>2009<br \/>\nErillistalon korjaussuunnitelu ja laajennus, Kauniainen<\/p>\n<p>2007<br \/>\nKTA-Yhti\u00f6t Oy:n toimitilat, Espoo. Toimisto ja korkea varasto.<\/p>\n<p>2004 &#8211; 2005<br \/>\nToimistorakennus, julkisivun korjaussuunnitelma, Helsinki, Pit\u00e4j\u00e4nm\u00e4ki<div class=\"divider\"><h5><span> <\/span><\/h5><\/div><br \/>\nMAANK\u00c4YT\u00d6N SUUNNITTELUA<\/p>\n<p>2014<br \/>\nKaavaluonnos, lomahuoneistoja 10.000 kem2 , Rauha, Lappeenranta<\/p>\n<p>2007 &#8211;<br \/>\nMaank\u00e4yt\u00f6n suunnitelmia, Bara, Ruotsi<\/p>\n<p>2006<br \/>\nMaank\u00e4yt\u00f6n suunnitelma , Gardemoen, Norja<\/p>\n<p>2002 &#8211; 2011<br \/>\n<a title=\"Keskin\u00e4inen Kiinteist\u00f6 Oy Wiima, Vantaa\" href=\"http:\/\/iskala.com\/wp\/?portfolio=keskinainen-kiinteisto-oy-wiima-vantaa\" target=\"_blank\" rel=\"noopener noreferrer\">Wiiman alue, maank\u00e4yt\u00f6n suunnitelmia, Vantaa, Veromies<\/a><\/p>\n<p>2003 &#8211; 2005<br \/>\n<a title=\"\u00c5re Strand, \u00c5re, Ruotsi\" href=\"http:\/\/iskala.com\/wp\/?portfolio=are-strand-are-ruotsi\" target=\"_blank\" rel=\"noopener noreferrer\">Maank\u00e4yt\u00f6n suunnitelma, \u00c5re Strand, \u00c5re, Ruotsi<\/a><\/p>\n<p>2001 &#8211; 2002<br \/>\n<a title=\"Salmisaari, Helsinki\" href=\"http:\/\/iskala.com\/wp\/?portfolio=salmisaari-helsinki\" target=\"_blank\" rel=\"noopener noreferrer\">Salmisaaren alue, maank\u00e4yt\u00f6n suunnitelma, kaupunkikuvallinen tarkastelu, Helsinki, Salmisaari.<\/a><div class=\"divider\"><h5><span> <\/span><\/h5><\/div><br \/>\nLUONNOS- JA HANKESUUNNITELMIA<\/p>\n<p>2007<br \/>\nMonitoimihalli, hankesuunnitelma, Vaasa<\/p>\n<p>2004<br \/>\nErillispientaloja ja kytkettyj\u00e4 taloja, Helsinki, Kuusisaari.<\/p>\n<p>2004<br \/>\nUllakkoasuntoja, Asunto Oy Tunturikatu 3, Helsinki<\/p>\n<p>2002<br \/>\n<a title=\"Kylpyl\u00e4hotelli, \u00c5re\" href=\"http:\/\/iskala.com\/wp\/?portfolio=kylpylahotelli-are\" target=\"_blank\" rel=\"noopener noreferrer\">Kylpyl\u00e4hotelli, \u00c5re, Ruotsi<\/a><\/p>\n<p>2000-<br \/>\nToimistorakennus, Kutojantie 1, Espoo<\/p>\n<p>2000<br \/>\n<a title=\"Kylpyl\u00e4hotelli, hankesuunnitelma, Levi\" href=\"http:\/\/iskala.com\/wp\/?portfolio=kylpylahotelli-hankesuunnitelma-levi\" target=\"_blank\" rel=\"noopener noreferrer\">Kylpyl\u00e4hotelli, Kittil\u00e4, Levi<\/a><\/p>\n<p>1999<br \/>\nPari- ja erillistaloja, Nokkalanniemi, Espoo<div class=\"divider\"><h5><span> <\/span><\/h5><\/div><br \/>\nSISUSTUSSUUNNITELMIA<\/p>\n<p>2007 &#8211; 2008<br \/>\nLiiketila 450m2, Vantaa<\/p>\n<p>2003<br \/>\nKokoustiloja, Lapinniemi, Tampere<\/div><div class=\"one_third column-last\">ARKKITEHTUURIKILPAILUT<\/p>\n<p>2024<br \/>\n<a href=\"http:\/\/iskala.com\/?portfolio=turun-historian-ja-tulevaisuuden-museo\">Kilpailuehdotus, Turun Historian ja Tulevaisuuden museo<\/a><\/p>\n<p>2017<br \/>\n<a href=\"http:\/\/iskala.com\/?portfolio=kilpailuehdotus-tampereen-taidemuseon-laajennus\">Kilpailuehdostus, Tampereen Taidemuseon\u00a0laajennus<\/a><\/p>\n<p>2016<br \/>\n<a title=\"Tampereen Musiikkiakatemiatalo\" href=\"http:\/\/iskala.com\/?portfolio=newaarch-competition\">NEWAARCH competition, \u00c5rhus DK<\/a><br \/>\n&#8220;highlighted&#8221;<\/p>\n<p>2015<br \/>\n<a title=\"Tampereen Musiikkiakatemiatalo\" href=\"http:\/\/iskala.com\/?portfolio=kilpailuehdotus-alvar-aalto-museon-ja-keski-suomen-museon-nivelosa\">Alvar-Aalto museon ja Keski-Suomen Museon nivelosa<\/a><br \/>\nRyhm\u00e4ss\u00e4 9-48, 689 ehdotusta<\/p>\n<p>2014<br \/>\n<a title=\"Tampereen Musiikkiakatemiatalo\" href=\"http:\/\/iskala.com\/?portfolio=tampereen-musiikkiakatemiatalo\">Tampereen Musiikkiakatemia, yleinen kilpailu<\/a><br \/>\nYl\u00e4luokan ehdotus<\/p>\n<p>2011<br \/>\n<a title=\"Serlachius taidemuseo G\u00f6stan laajennus, M\u00e4ntt\u00e4\" href=\"http:\/\/iskala.com\/wp\/?portfolio=serlachius-taidemuseo-gostan-laajennus-mantta\" target=\"_blank\" rel=\"noopener noreferrer\">Serlachius Taidemuseo G\u00f6stan Laajennus, M\u00e4ntt\u00e4, kansainv\u00e4linen yleinen kilpailu<\/a><\/p>\n<p>2011<br \/>\n<a title=\"Tontinluovutuskilpailu. Pakila, Helsinki\" href=\"http:\/\/iskala.com\/wp\/?portfolio=helsinki-pakila\" target=\"_blank\" rel=\"noopener noreferrer\">Tontinluovutuskilpailu. Pakila, Helsinki<\/a><\/p>\n<p>2009<br \/>\n<a title=\"National Museum of Art, Architecture and Design, Oslo, Norway\" href=\"http:\/\/iskala.com\/wp\/?portfolio=national-museum-of-art-architecture-and-design-oslo-norway\" target=\"_blank\" rel=\"noopener noreferrer\">National Museum of Art, Architecture and Design 48.00m2, Oslo, kansainv\u00e4linen yleinen kilpailu<\/a><\/p>\n<p>2008<br \/>\n<a title=\"Porvoon virastotalon laajennus, Porvoo\" href=\"http:\/\/iskala.com\/wp\/?portfolio=porvoon-virastotalon-laajennus-porvoo\" target=\"_blank\" rel=\"noopener noreferrer\">Porvooon Virastotalo, yleinen kilpailu<\/a><br \/>\nKunniamaininta<\/p>\n<p>2006<br \/>\n<a title=\"Kirkkoj\u00e4rven koulu, Espoo\" href=\"http:\/\/iskala.com\/wp\/?portfolio=kirkkojarven-koulu-kirkkojarvi\" target=\"_blank\" rel=\"noopener noreferrer\">Kirkkoj\u00e4rven koulu, Espoo, yleinen kilpailu<\/a><br \/>\nYl\u00e4luokan ehdotus<\/p>\n<p>2004<br \/>\n<a title=\"Simonkappeli, Helsinki\" href=\"http:\/\/iskala.com\/wp\/?portfolio=simonkappeli-helsinki\" target=\"_blank\" rel=\"noopener noreferrer\">Simonkappeli, Helsinki, yleinen kilpailu<\/a><br \/>\nYl\u00e4luokan ehdotus<\/p>\n<p>2004<br \/>\nKalajoen Hiekkas\u00e4rk\u00e4t, Pohjoismainen kutsukilpailu<br \/>\nYhteisty\u00f6ryhm\u00e4ss\u00e4 Kimmo Friman, Esa Laaksonen, Sari Nieminen ja Jan Pesonen<\/p>\n<p>2003<br \/>\n<a title=\"Maarianhaminan merimuseon laajennus, Maarianhamina\" href=\"http:\/\/iskala.com\/wp\/?portfolio=maarianhaminan-merimuseon-laajennus-maarianhamina\" target=\"_blank\" rel=\"noopener noreferrer\">Maarianhaminan merimuseon laajennus, Maarianhamina<\/a><br \/>\nYleinen kilpailu<\/p>\n<p>2003<br \/>\n<a title=\"H\u00e4meenlinnnan verkatehdas, H\u00e4meenlinna\" href=\"http:\/\/iskala.com\/wp\/?portfolio=hameenlinnnan-verkatehdas-hameenlinna\" target=\"_blank\" rel=\"noopener noreferrer\">H\u00e4meenlinnan verkatehdas, yleinen kilpailu<\/a><br \/>\nYl\u00e4luokan ehdotus<\/p>\n<p>2002<br \/>\n<a title=\"Lohjan kirjasto, Lohja\" href=\"http:\/\/iskala.com\/wp\/?portfolio=lohjan-kirjasto-lohja\" target=\"_blank\" rel=\"noopener noreferrer\">Lohjan kirjasto, yleinen kilpailu<\/a><\/p>\n<p>2001<br \/>\n<a title=\"Armi talo, Helsinki\" href=\"http:\/\/iskala.com\/wp\/?portfolio=armi-talo-helsinki\" target=\"_blank\" rel=\"noopener noreferrer\">Armi-talo, Helsinki, yleinen kilpailu<\/a><\/p>\n<p>2000<br \/>\nKlaukkalan kirkko, yleinen kilpailu<br \/>\nYl\u00e4luokan ehdotus<\/p>\n<p>1998 &#8211; 1999<br \/>\n<a title=\"Eduskunnan lis\u00e4rakennus, Helsinki\" href=\"http:\/\/iskala.com\/wp\/?portfolio=eduskunnan-lisrakennus\" target=\"_blank\" rel=\"noopener noreferrer\">Eduskunnan lis\u00e4rakennus, yleinen kilpailu<\/a><br \/>\nJaettu 3.palkinto<\/p>\n<p>1998<br \/>\n<a title=\"Expo Hannover 2000, Suomen paviljonki, Hannover\" href=\"http:\/\/iskala.com\/wp\/?portfolio=expo-hannover-2000-suomen-paviljonki-hannover\" target=\"_blank\" rel=\"noopener noreferrer\">Hannover Expo 2000 Suomen Paviljonki, yleinen kilpailu.<\/a><br \/>\n2.palkinto<\/p>\n<p>1997<br \/>\n<a title=\"Musiikki- ja Taidekeskus, Jyv\u00e4skyl\u00e4\" href=\"http:\/\/iskala.com\/wp\/?portfolio=musiikki-ja-taidekeskus-jyvskyl\" target=\"_blank\" rel=\"noopener noreferrer\">Jyv\u00e4skyl\u00e4n Musiikki- ja Taidekeskus, kansainv\u00e4linen yleinen kilpailu<\/a><br \/>\n2.palkinto<\/p>\n<p>1996<br \/>\nEuropan 3, kansainv\u00e4linen yleinen kilpailu<br \/>\nOsdorp, Hollanti<\/p>\n<p>1992<br \/>\n<a title=\"Nykytaiteen Museo, Helsinki\" href=\"http:\/\/iskala.com\/wp\/?portfolio=nykytaiteen-museo-helsinki\" target=\"_blank\" rel=\"noopener noreferrer\">Nykytaiteen Museo, Helsinki, kansainv\u00e4linen yleinen kilpailu.<\/a><br \/>\nMaininta \/ sijoitus ryhm\u00e4ss\u00e4 sijat 10-23<\/p>\n<p>1991<br \/>\n<a title=\"Str\u00f6mbergin alue, Helsinki\" href=\"http:\/\/iskala.com\/wp\/?portfolio=strombergin-alue-helsinki\" target=\"_blank\" rel=\"noopener noreferrer\">Str\u00f6mbergin alue, Helsinki, Pohjoismainen kutsukilpailu<\/a><br \/>\n1.palkinto, muut tekij\u00e4t Erkki Forsman ja Mauri Tommila.<\/div><div class=\"clear\"><\/div><br \/>\n<div class=\"divider\"><h5><span> <\/span><\/h5><\/div><\/p>\n<h4>Antti Iskala, arkkitehti SAFA<\/h4>\n<p><div class=\"one_half\"><br \/>\nOPINNOT<\/p>\n<p>1982<br \/>\nYlioppilas, Helsingin Suomalainen Yhteiskoulu<\/p>\n<p>1989<br \/>\nArkkitehdin tutkinto, Teknillinen korkeakoulu<\/p>\n<p>1991<br \/>\nJatko-opintoja, Berlage Institute, Amsterdam, Hollanti<\/p>\n<p>TY\u00d6KOKEMUS<\/p>\n<p>2016-2024<br \/>\nArkkitehtitoimisto SARC Oy<\/p>\n<p>1997 &#8211;<br \/>\nArkkitehtitoimisto Antti Iskala Oy<\/p>\n<p>1996 &#8211; 1997<br \/>\nArkkitehtitoimisto Jan S\u00f6derlund &amp; CO Oy<\/p>\n<p>1991 &#8211; 1996<br \/>\nArkkitehdit Tommila Oy<\/p>\n<p>1988 &#8211; 1991<br \/>\nArkkitehtitoimisto Arto Sipinen Ky<\/p>\n<p>1986 &#8211; 1987<br \/>\nArkkitehtistudio Penttinen&amp;Tiensuu Oy<\/p>\n<p>1983 &#8211; 1985<br \/>\nArkkitehtitoimisto Matti Hakala Oy<\/div><div class=\"one_half column-last\"><br \/>\nAPURAHAT JA STIPENDIT<\/p>\n<p>1991<br \/>\nSuomen Kulttuurirahasto<\/p>\n<p>LUOTTAMUSTEHT\u00c4V\u00c4T<\/p>\n<p>Jyv\u00e4skyl\u00e4n yliopisto, Alvar Aallon suunnitteleman ylioppilastalon laajennus, yleinen suunnittelukilpailu, SAFA:n valitsemana palkintolautakunnan j\u00e4sen (2000-2001)<\/p>\n<p>N\u00c4YTTELYT<\/p>\n<p>Nykytaiteen Museo-kilpailun n\u00e4yttely Ateneumissa 1992<br \/>\nSuomen rakennustaiteen museon kilpailut\u00f6it\u00e4 n\u00e4yttelyt<\/div><div class=\"clear\"><\/div><\/p>\n","protected":false},"excerpt":{"rendered":"<p>Antti Iskala, arkkitehti SAFA<\/p>\n","protected":false},"author":1,"featured_media":0,"parent":0,"menu_order":0,"comment_status":"open","ping_status":"open","template":"template-full.php","meta":[],"_links":{"self":[{"href":"https:\/\/iskala.com\/index.php?rest_route=\/wp\/v2\/pages\/44"}],"collection":[{"href":"https:\/\/iskala.com\/index.php?rest_route=\/wp\/v2\/pages"}],"about":[{"href":"https:\/\/iskala.com\/index.php?rest_route=\/wp\/v2\/types\/page"}],"author":[{"embeddable":true,"href":"https:\/\/iskala.com\/index.php?rest_route=\/wp\/v2\/users\/1"}],"replies":[{"embeddable":true,"href":"https:\/\/iskala.com\/index.php?rest_route=%2Fwp%2Fv2%2Fcomments&post=44"}],"version-history":[{"count":62,"href":"https:\/\/iskala.com\/index.php?rest_route=\/wp\/v2\/pages\/44\/revisions"}],"predecessor-version":[{"id":554,"href":"https:\/\/iskala.com\/index.php?rest_route=\/wp\/v2\/pages\/44\/revisions\/554"}],"wp:attachment":[{"href":"https:\/\/iskala.com\/index.php?rest_route=%2Fwp%2Fv2%2Fmedia&parent=44"}],"curies":[{"name":"wp","href":"https:\/\/api.w.org\/{rel}","templated":true}]}}